{"id":126,"date":"2021-05-03T20:05:21","date_gmt":"2021-05-03T20:05:21","guid":{"rendered":"https:\/\/www.galwasteam.pl\/?page_id=126"},"modified":"2021-05-03T20:43:28","modified_gmt":"2021-05-03T20:43:28","slug":"faq","status":"publish","type":"page","link":"https:\/\/www.galwasteam.pl\/index.php\/faq\/","title":{"rendered":"FAQ"},"content":{"rendered":"<p>FAQ czyli Frequently Asked Questions czyli cz\u0119sto zadawane pytania<\/p>\n<h4>1. Ile kosztuje pranie naro\u017cnika\/sofy\/fotela\/samochodu\/krzes\u0142a\/dywanu?<\/h4>\n<p>W zak\u0142adce\u00a0<a href=\"https:\/\/www.galwasteam.pl\/index.php\/oferta\/oferta-dla-domu\/\" target=\"_blank\" rel=\"noopener\">Oferta dla domu<\/a> znajdziesz orientacyjne ceny prania niekt\u00f3rych mebli. Nie jest to wycena ostateczna, bo ta zale\u017cy od wielu dodatkowych czynnik\u00f3w &#8211; cho\u0107by takich jak poziom zabrudze\u0144, lokalizacja, ilo\u015b\u0107 innych mebli do prania w danym miejscu (im wi\u0119cej, tym taniej). Po dok\u0142adn\u0105 wycen\u0119 zapraszam do kontaktu telefonicznego, mailowego lub poprzez kana\u0142y spo\u0142eczno\u015bciowe. Wszystkie dane znajdziesz w zak\u0142adce\u00a0<a href=\"https:\/\/www.galwasteam.pl\/index.php\/kontakt\/\" target=\"_blank\" rel=\"noopener\">Kontakt<\/a><\/p>\n<h4>2. Ile kosztuje dojazd?<\/h4>\n<p>Z zasady za dojazd w Warszawie nic nie doliczam. Za dojazd poza Warszaw\u0119 dop\u0142aty ustalamy w trakcie rozmowy. Staram si\u0119 podchodzi\u0107 do tematu uczciwie, i je\u015bli np. danego dnia mam ju\u017c klienta w Twojej miejscowo\u015bci, to za dojazd nic nie dolicz\u0119. Staram si\u0119 zawsze tak uk\u0142ada\u0107 tras\u0119, aby nikomu nic nie dolicza\u0107 za dojazd (do\u015b\u0107 powiedzie\u0107, \u017ce w ca\u0142ym 2020 roku dodatkow\u0105 op\u0142at\u0119 za dojazd dolicza\u0142em&#8230; 3 razy)<\/p>\n<h4>3. Ile czasu trwa pranie\/ile czasu schn\u0105 meble?<\/h4>\n<p>Pranie oczywi\u015bcie jest zale\u017cne od ilo\u015bci mebli do wyprania, rodzaju materia\u0142u i poziomu zabrudzenia. Pranie naro\u017cnika to zwykle 40-60 minut, pranie \u015bredniej wielko\u015bci dywanu to ok p\u00f3\u0142 godziny. Oczywi\u015bcie czas ten mo\u017ce si\u0119 wyd\u0142u\u017cy\u0107 je\u015bli meble s\u0105 bardzo brudne, trzeba co\u015b przestawia\u0107 itp. Schni\u0119cie mebli zale\u017cne jest od kilku czynnik\u00f3w &#8211; najwa\u017cniejsze to rodzaj materia\u0142u i poziom zabrudzenia, oraz temperatura otoczenia i wilgotno\u015b\u0107 powietrza. W wi\u0119kszo\u015bci przypadk\u00f3w meble schn\u0105 podobnie jak pranie wyj\u0119te z pralki, bo i wilgotno\u015b\u0107 tapicerki po praniu jest podobna. Zwykle w ci\u0105gu 8-12 godzin wszystko jest suche.<\/p>\n<h4>4. Jakich preparat\u00f3w u\u017cywam?<\/h4>\n<p>Przede wszystkim bezpiecznych dla ludzi, zwierz\u0105t i tapicerki. Mam zasad\u0119 by 'nie strzela\u0107 z armaty do komara&#8217;, dlatego w moim 'arsenale&#8217; do walki z zabrudzeniami pr\u00f3\u017cno szuka\u0107 silnych preparat\u00f3w, kt\u00f3re mog\u0142yby cokolwiek zniszczy\u0107. Chemia profesjonalna ma to do siebie, \u017ce wi\u0119kszo\u015bci ludzi nic nie m\u00f3wi\u0105 marki, ale korzystam z oferty takich producent\u00f3w jak: Chemspec, Allergini, ValetPro, GoodStuff, Eilfix, ADBL i kilku innych. Do tapicerek sk\u00f3rzanych korzystam z preparat\u00f3w firm GoodStuff, Manufaktura Wosku oraz Colourlock.<\/p>\n<h4>5. Czy po praniu mo\u017cna od razu korzysta\u0107 z mebli\/dywan\u00f3w?<\/h4>\n<p>Z mebli niestety korzysta\u0107 nie mo\u017cna, dop\u00f3ki nie wyschn\u0105 &#8211; czyli ok 8-12 godzin od prania. Siadanie na meblach mo\u017ce spowodowa\u0107 powstawanie plam, poza tym jest ma\u0142o komfortowe (mebel jest mokry, wi\u0119c i my b\u0119dziemy mokrzy). Inaczej ma si\u0119 sprawa z wyk\u0142adzinami i dywanami &#8211; mo\u017cna po nich chodzi\u0107 nawet od razu po praniu, ale trzeba pami\u0119ta\u0107 o dw\u00f3ch wa\u017cnych rzeczach &#8211; po pierwsze nie wolno wej\u015b\u0107 na nie w brudnych butach (a je\u015bli mamy w domu psa, trzeba go upilnowa\u0107 by nie wbieg\u0142 na dywan prosto po spacerze), bo brud z but\u00f3w\/\u0142ap si\u0119 rozpu\u015bci i momentalnie zostanie na dywanie. Je\u015bli tak by si\u0119 sta\u0142o, pomo\u017ce tutaj jakakolwiek \u015bcierka zmoczona w czystej wodzie (bez \u017cadnej chemii) i rytmiczne pocieranie w jednym kierunku. Druga kwestia &#8211; schodz\u0105c z mokrego dywanu na pod\u0142og\u0119 trzeba uwa\u017ca\u0107, by si\u0119 nie po\u015blizgn\u0105\u0107 &#8211; mokra stopa zapewnia kiepsk\u0105 przyczepno\u015b\u0107 na p\u0142ytkach, panelach czy innych rodzajach pod\u0142\u00f3g, wi\u0119c warto na to zwr\u00f3ci\u0107 uwag\u0119. W przypadku tapicerek sk\u00f3rzanych &#8211; teoretycznie mo\u017cna na nich siada\u0107 od razu, ale zawsze zalecam zostawi\u0107 je przynajmniej na dwie godziny, \u017ceby preparat zabezpieczaj\u0105cy sk\u00f3r\u0119 zd\u0105\u017cy\u0142 si\u0119 wch\u0142on\u0105\u0107.<\/p>\n","protected":false},"excerpt":{"rendered":"<p>FAQ czyli Frequently Asked Questions czyli cz\u0119sto zadawane pytania 1. Ile kosztuje pranie naro\u017cnika\/sofy\/fotela\/samochodu\/krzes\u0142a\/dywanu? W zak\u0142adce\u00a0Oferta dla domu znajdziesz orientacyjne ceny prania niekt\u00f3rych mebli. Nie jest to wycena ostateczna, bo ta zale\u017cy od wielu dodatkowych czynnik\u00f3w &#8211; cho\u0107by takich jak poziom zabrudze\u0144, lokalizacja, ilo\u015b\u0107 innych mebli do prania w danym miejscu (im wi\u0119cej, tym taniej). <a class=\"read-more\" href=\"https:\/\/www.galwasteam.pl\/index.php\/faq\/\">READ MORE<\/a><\/p>\n","protected":false},"author":1,"featured_media":0,"parent":0,"menu_order":5,"comment_status":"closed","ping_status":"closed","template":"","meta":[],"_links":{"self":[{"href":"https:\/\/www.galwasteam.pl\/index.php\/wp-json\/wp\/v2\/pages\/126"}],"collection":[{"href":"https:\/\/www.galwasteam.pl\/index.php\/wp-json\/wp\/v2\/pages"}],"about":[{"href":"https:\/\/www.galwasteam.pl\/index.php\/wp-json\/wp\/v2\/types\/page"}],"author":[{"embeddable":true,"href":"https:\/\/www.galwasteam.pl\/index.php\/wp-json\/wp\/v2\/users\/1"}],"replies":[{"embeddable":true,"href":"https:\/\/www.galwasteam.pl\/index.php\/wp-json\/wp\/v2\/comments?post=126"}],"version-history":[{"count":5,"href":"https:\/\/www.galwasteam.pl\/index.php\/wp-json\/wp\/v2\/pages\/126\/revisions"}],"predecessor-version":[{"id":131,"href":"https:\/\/www.galwasteam.pl\/index.php\/wp-json\/wp\/v2\/pages\/126\/revisions\/131"}],"wp:attachment":[{"href":"https:\/\/www.galwasteam.pl\/index.php\/wp-json\/wp\/v2\/media?parent=126"}],"curies":[{"name":"wp","href":"https:\/\/api.w.org\/{rel}","templated":true}]}}