{"id":2,"date":"2020-11-08T13:48:53","date_gmt":"2020-11-08T13:48:53","guid":{"rendered":"https:\/\/www.galwasteam.pl\/?page_id=2"},"modified":"2021-12-05T20:47:06","modified_gmt":"2021-12-05T20:47:06","slug":"kontakt","status":"publish","type":"page","link":"https:\/\/www.galwasteam.pl\/index.php\/kontakt\/","title":{"rendered":"Kontakt"},"content":{"rendered":"<h3>Zapraszam do kontaktu<\/h3>\n<h1 style=\"text-align: left;\"><img loading=\"lazy\" class=\"alignleft wp-image-99\" src=\"https:\/\/www.galwasteam.pl\/wp-content\/uploads\/2021\/05\/telefon.png\" alt=\"\" width=\"50\" height=\"50\" \/><strong style=\"font-family: Montserrat, sans-serif; font-size: 30px; letter-spacing: 0px;\">603 526 566<\/strong><\/h1>\n<h1><img loading=\"lazy\" class=\"alignleft wp-image-108 size-full\" src=\"https:\/\/www.galwasteam.pl\/wp-content\/uploads\/2021\/05\/mail.png\" alt=\"\" width=\"50\" height=\"50\" \/> <strong>wiktor.janas@gmail.com<\/strong><\/h1>\n<p>&nbsp;<\/p>\n<h3>Odwied\u017a mnie na:<\/h3>\n<p><a href=\"https:\/\/www.facebook.com\/dlakotow\/\" target=\"_blank\" rel=\"noopener\"><img loading=\"lazy\" class=\"alignleft wp-image-110 size-full\" src=\"https:\/\/www.galwasteam.pl\/wp-content\/uploads\/2021\/05\/unnamed1.png\" alt=\"\" width=\"50\" height=\"50\" \/><\/a><a href=\"http:\/\/instagram.com\/galwasteam\/\" target=\"_blank\" rel=\"noopener\"><img loading=\"lazy\" class=\"alignleft wp-image-113 size-full\" src=\"https:\/\/www.galwasteam.pl\/wp-content\/uploads\/2021\/05\/insta1.png\" alt=\"\" width=\"50\" height=\"50\" \/><\/a><\/p>\n<p><a href=\"https:\/\/www.tiktok.com\/@pioretapicerki?\" target=\"_blank\" rel=\"noopener\"><img loading=\"lazy\" class=\"alignleft wp-image-117 size-full\" src=\"https:\/\/www.galwasteam.pl\/wp-content\/uploads\/2021\/05\/tiktok-1.png\" alt=\"\" width=\"50\" height=\"50\" \/><\/a><\/p>\n<p>&nbsp;<\/p>\n<p>&nbsp;<\/p>\n<div class=\"wpforms-container wpforms-container-full\" id=\"wpforms-160\"><form id=\"wpforms-form-160\" class=\"wpforms-validate wpforms-form wpforms-ajax-form\" data-formid=\"160\" method=\"post\" enctype=\"multipart\/form-data\" action=\"\/index.php\/wp-json\/wp\/v2\/pages\/2\" data-token=\"6ae8cb81a6a71226e95af1c8db24a1da\"><div class=\"wpforms-head-container\"><div class=\"wpforms-title\">Formularz kontaktowy<\/div><\/div><noscript class=\"wpforms-error-noscript\">Please enable JavaScript in your browser to complete this form.<\/noscript><div class=\"wpforms-field-container\"><div id=\"wpforms-160-field_0-container\" class=\"wpforms-field wpforms-field-name\" data-field-id=\"0\"><label class=\"wpforms-field-label\" for=\"wpforms-160-field_0\">Imi\u0119 i nazwisko <span class=\"wpforms-required-label\">*<\/span><\/label><input type=\"text\" id=\"wpforms-160-field_0\" class=\"wpforms-field-medium wpforms-field-required\" name=\"wpforms[fields][0]\" required><\/div><div id=\"wpforms-160-field_3-container\" class=\"wpforms-field wpforms-field-text\" data-field-id=\"3\"><label class=\"wpforms-field-label\" for=\"wpforms-160-field_3\">Numer telefonu (niewymagany, ale przydatny)<\/label><input type=\"text\" id=\"wpforms-160-field_3\" class=\"wpforms-field-medium\" name=\"wpforms[fields][3]\" ><\/div><div id=\"wpforms-160-field_1-container\" class=\"wpforms-field wpforms-field-email\" data-field-id=\"1\"><label class=\"wpforms-field-label\" for=\"wpforms-160-field_1\">Email <span class=\"wpforms-required-label\">*<\/span><\/label><input type=\"email\" id=\"wpforms-160-field_1\" class=\"wpforms-field-medium wpforms-field-required\" name=\"wpforms[fields][1]\" required><\/div><div id=\"wpforms-160-field_2-container\" class=\"wpforms-field wpforms-field-textarea\" data-field-id=\"2\"><label class=\"wpforms-field-label\" for=\"wpforms-160-field_2\">Tre\u015b\u0107 wiadomo\u015bci <span class=\"wpforms-required-label\">*<\/span><\/label><textarea id=\"wpforms-160-field_2\" class=\"wpforms-field-medium wpforms-field-required\" name=\"wpforms[fields][2]\" required><\/textarea><\/div><div id=\"wpforms-160-field_5-container\" class=\"wpforms-field wpforms-field-text\" data-field-id=\"5\"><label class=\"wpforms-field-label\" for=\"wpforms-160-field_5\">W jakiej dzielnicy b\u0119dzie odbywa\u0142o si\u0119 pranie? (niewymagane)<\/label><input type=\"text\" id=\"wpforms-160-field_5\" class=\"wpforms-field-medium\" name=\"wpforms[fields][5]\" ><\/div><div id=\"wpforms-160-field_10-container\" class=\"wpforms-field wpforms-field-checkbox\" data-field-id=\"10\"><label class=\"wpforms-field-label\" for=\"wpforms-160-field_10\">Zaznacz co jest do prania (niewymagane)<\/label><ul id=\"wpforms-160-field_10\"><li class=\"choice-4 depth-1\"><input type=\"checkbox\" id=\"wpforms-160-field_10_4\" name=\"wpforms[fields][10][]\" value=\"Naro\u017cnik &#039;L&#039; max 150\/250cm\"  ><label class=\"wpforms-field-label-inline\" for=\"wpforms-160-field_10_4\">Naro\u017cnik 'L' max 150\/250cm<\/label><\/li><li class=\"choice-5 depth-1\"><input type=\"checkbox\" id=\"wpforms-160-field_10_5\" name=\"wpforms[fields][10][]\" value=\"Naro\u017cnik &#039;L&#039; powy\u017cej 150\/250cm\"  ><label class=\"wpforms-field-label-inline\" for=\"wpforms-160-field_10_5\">Naro\u017cnik 'L' powy\u017cej 150\/250cm<\/label><\/li><li class=\"choice-6 depth-1\"><input type=\"checkbox\" id=\"wpforms-160-field_10_6\" name=\"wpforms[fields][10][]\" value=\"Sofa prosta\/wersalka\"  ><label class=\"wpforms-field-label-inline\" for=\"wpforms-160-field_10_6\">Sofa prosta\/wersalka<\/label><\/li><li class=\"choice-7 depth-1\"><input type=\"checkbox\" id=\"wpforms-160-field_10_7\" name=\"wpforms[fields][10][]\" value=\"Fotel\"  ><label class=\"wpforms-field-label-inline\" for=\"wpforms-160-field_10_7\">Fotel<\/label><\/li><li class=\"choice-8 depth-1\"><input type=\"checkbox\" id=\"wpforms-160-field_10_8\" name=\"wpforms[fields][10][]\" value=\"Poduszki\"  ><label class=\"wpforms-field-label-inline\" for=\"wpforms-160-field_10_8\">Poduszki<\/label><\/li><li class=\"choice-9 depth-1\"><input type=\"checkbox\" id=\"wpforms-160-field_10_9\" name=\"wpforms[fields][10][]\" value=\"Krzes\u0142a\"  ><label class=\"wpforms-field-label-inline\" for=\"wpforms-160-field_10_9\">Krzes\u0142a<\/label><\/li><li class=\"choice-10 depth-1\"><input type=\"checkbox\" id=\"wpforms-160-field_10_10\" name=\"wpforms[fields][10][]\" value=\"Dywan\"  ><label class=\"wpforms-field-label-inline\" for=\"wpforms-160-field_10_10\">Dywan<\/label><\/li><li class=\"choice-11 depth-1\"><input type=\"checkbox\" id=\"wpforms-160-field_10_11\" name=\"wpforms[fields][10][]\" value=\"Wyk\u0142adzina\"  ><label class=\"wpforms-field-label-inline\" for=\"wpforms-160-field_10_11\">Wyk\u0142adzina<\/label><\/li><li class=\"choice-12 depth-1\"><input type=\"checkbox\" id=\"wpforms-160-field_10_12\" name=\"wpforms[fields][10][]\" value=\"Samoch\u00f3d\"  ><label class=\"wpforms-field-label-inline\" for=\"wpforms-160-field_10_12\">Samoch\u00f3d<\/label><\/li><\/ul><div class=\"wpforms-field-description\">Mo\u017cesz zaznaczy\u0107 kilka opcji. Je\u017celi zaznaczasz dywany\/wyk\u0142adzin\u0119, podaj w tre\u015bci wiadomo\u015bci ich wymiary. Przy krzes\u0142\u0105ch, fotelach i poduszkach potrzebuj\u0119 wiedzie\u0107, ile ich jest do prania. Je\u015bli do prania jest samoch\u00f3d, napisz w wiadomo\u015bci jaki (marka i model wystarcz\u0105).<\/div><\/div><\/div><div class=\"wpforms-submit-container\"><input type=\"hidden\" name=\"wpforms[id]\" value=\"160\"><input type=\"hidden\" name=\"wpforms[author]\" value=\"1\"><button type=\"submit\" name=\"wpforms[submit]\" id=\"wpforms-submit-160\" class=\"wpforms-submit\" data-alt-text=\"Wysy\u0142anie...\" data-submit-text=\"Wy\u015blij\" aria-live=\"assertive\" value=\"wpforms-submit\">Wy\u015blij<\/button><img src=\"https:\/\/www.galwasteam.pl\/wp-content\/plugins\/wpforms-lite\/assets\/images\/submit-spin.svg\" class=\"wpforms-submit-spinner\" style=\"display: none;\" width=\"26\" height=\"26\" alt=\"\"><\/div><\/form><\/div>  <!-- .wpforms-container -->\n","protected":false},"excerpt":{"rendered":"<p>Zapraszam do kontaktu 603 526 566 wiktor.janas@gmail.com &nbsp; Odwied\u017a mnie na: &nbsp; &nbsp;<\/p>\n","protected":false},"author":1,"featured_media":0,"parent":0,"menu_order":2,"comment_status":"closed","ping_status":"closed","template":"","meta":[],"_links":{"self":[{"href":"https:\/\/www.galwasteam.pl\/index.php\/wp-json\/wp\/v2\/pages\/2"}],"collection":[{"href":"https:\/\/www.galwasteam.pl\/index.php\/wp-json\/wp\/v2\/pages"}],"about":[{"href":"https:\/\/www.galwasteam.pl\/index.php\/wp-json\/wp\/v2\/types\/page"}],"author":[{"embeddable":true,"href":"https:\/\/www.galwasteam.pl\/index.php\/wp-json\/wp\/v2\/users\/1"}],"replies":[{"embeddable":true,"href":"https:\/\/www.galwasteam.pl\/index.php\/wp-json\/wp\/v2\/comments?post=2"}],"version-history":[{"count":18,"href":"https:\/\/www.galwasteam.pl\/index.php\/wp-json\/wp\/v2\/pages\/2\/revisions"}],"predecessor-version":[{"id":164,"href":"https:\/\/www.galwasteam.pl\/index.php\/wp-json\/wp\/v2\/pages\/2\/revisions\/164"}],"wp:attachment":[{"href":"https:\/\/www.galwasteam.pl\/index.php\/wp-json\/wp\/v2\/media?parent=2"}],"curies":[{"name":"wp","href":"https:\/\/api.w.org\/{rel}","templated":true}]}}