{"id":41,"date":"2021-05-03T13:12:20","date_gmt":"2021-05-03T13:12:20","guid":{"rendered":"https:\/\/www.galwasteam.pl\/?page_id=41"},"modified":"2021-05-03T21:12:00","modified_gmt":"2021-05-03T21:12:00","slug":"start","status":"publish","type":"page","link":"https:\/\/www.galwasteam.pl\/","title":{"rendered":"Start"},"content":{"rendered":"<p>Nazywam si\u0119 Wiktor i od 2015 roku zawodowo zajmuj\u0119 si\u0119 praniem tapicerek na terenie Warszawy i okolic. Oferuj\u0119 profesjonalne pranie tapicerek meblowych i samochodowych, wyk\u0142adzin i dywan\u00f3w. W swojej ofercie posiadam tak\u017ce fachowe czyszczenie i konserwacj\u0119 tapicerek sk\u00f3rzanych &#8211; zar\u00f3wno meblowych jak i samochodowych. Lata do\u015bwiadczenia, wypracowane metody prania i profesjonalne preparaty czyszcz\u0105ce gwarantuj\u0105 efekt jakiego oczekuje klient &#8211; usuni\u0119cie zar\u00f3wno plam, jak i mikroorganizm\u00f3w z mebli. Dzi\u0119ki odpowiedniej technice prania, uda\u0142o mi si\u0119 drastycznie skr\u00f3ci\u0107 czas prania tapicerek, w efekcie czego moja wizyta u klienta nie przed\u0142u\u017ca si\u0119 niepotrzebnie &#8211; pranie \u015bredniej wielko\u015bci naro\u017cnika jestem w stanie wykona\u0107 nawet w 40 minut, bez \u017cadnych strat na jako\u015bci prania, a dzi\u0119ki zmniejszeniu ilo\u015bci wody potrzebnej do prania, tapicerki schn\u0105 du\u017co szybciej &#8211; do 12 godzin wi\u0119kszo\u015b\u0107 mebli jest ju\u017c sucha.<\/p>\n<p>&nbsp;<\/p>\n<p>Prywatnie jestem mi\u0142o\u015bnikiem kot\u00f3w i ps\u00f3w, st\u0105d pomys\u0142 na nazw\u0119 marki firmy &#8211; moje 2 koty i 2 psy zas\u0142uguj\u0105 na godne \u017cycie, wi\u0119c uwijam si\u0119 jak w ukropie by im je zapewni\u0107 \ud83d\ude42<\/p>\n<p>&nbsp;<\/p>\n<p>Zapraszam do kontaktu i umawiania spotka\u0144, b\u0119d\u0105 Pa\u0144stwo zadowoleni \ud83d\ude42<\/p>\n<p>&nbsp;<\/p>\n<p><img loading=\"lazy\" class=\"alignnone size-medium wp-image-61\" src=\"https:\/\/www.galwasteam.pl\/wp-content\/uploads\/2021\/05\/Przechwytywanie1-296x300.jpg\" alt=\"\" width=\"296\" height=\"300\" srcset=\"https:\/\/www.galwasteam.pl\/wp-content\/uploads\/2021\/05\/Przechwytywanie1-296x300.jpg 296w, https:\/\/www.galwasteam.pl\/wp-content\/uploads\/2021\/05\/Przechwytywanie1.jpg 400w\" sizes=\"(max-width: 296px) 100vw, 296px\" \/> <img loading=\"lazy\" class=\"alignnone size-medium wp-image-91\" src=\"https:\/\/www.galwasteam.pl\/wp-content\/uploads\/2021\/05\/toja01-223x300.jpg\" alt=\"\" width=\"223\" height=\"300\" srcset=\"https:\/\/www.galwasteam.pl\/wp-content\/uploads\/2021\/05\/toja01-223x300.jpg 223w, https:\/\/www.galwasteam.pl\/wp-content\/uploads\/2021\/05\/toja01-600x808.jpg 600w, https:\/\/www.galwasteam.pl\/wp-content\/uploads\/2021\/05\/toja01-760x1024.jpg 760w, https:\/\/www.galwasteam.pl\/wp-content\/uploads\/2021\/05\/toja01-768x1035.jpg 768w, https:\/\/www.galwasteam.pl\/wp-content\/uploads\/2021\/05\/toja01-1140x1536.jpg 1140w, https:\/\/www.galwasteam.pl\/wp-content\/uploads\/2021\/05\/toja01.jpg 1520w\" sizes=\"(max-width: 223px) 100vw, 223px\" \/> <img loading=\"lazy\" class=\"alignnone size-medium wp-image-95\" src=\"https:\/\/www.galwasteam.pl\/wp-content\/uploads\/2021\/05\/zwierz04-300x194.jpg\" alt=\"\" width=\"300\" height=\"194\" srcset=\"https:\/\/www.galwasteam.pl\/wp-content\/uploads\/2021\/05\/zwierz04-300x194.jpg 300w, https:\/\/www.galwasteam.pl\/wp-content\/uploads\/2021\/05\/zwierz04-600x388.jpg 600w, https:\/\/www.galwasteam.pl\/wp-content\/uploads\/2021\/05\/zwierz04-1024x661.jpg 1024w, https:\/\/www.galwasteam.pl\/wp-content\/uploads\/2021\/05\/zwierz04-768x496.jpg 768w, https:\/\/www.galwasteam.pl\/wp-content\/uploads\/2021\/05\/zwierz04-1536x992.jpg 1536w, https:\/\/www.galwasteam.pl\/wp-content\/uploads\/2021\/05\/zwierz04.jpg 1949w\" sizes=\"(max-width: 300px) 100vw, 300px\" \/> <img loading=\"lazy\" class=\"alignnone size-medium wp-image-94\" src=\"https:\/\/www.galwasteam.pl\/wp-content\/uploads\/2021\/05\/zwierz03-300x225.jpg\" alt=\"\" width=\"300\" height=\"225\" srcset=\"https:\/\/www.galwasteam.pl\/wp-content\/uploads\/2021\/05\/zwierz03-300x225.jpg 300w, https:\/\/www.galwasteam.pl\/wp-content\/uploads\/2021\/05\/zwierz03-600x450.jpg 600w, https:\/\/www.galwasteam.pl\/wp-content\/uploads\/2021\/05\/zwierz03-1024x768.jpg 1024w, https:\/\/www.galwasteam.pl\/wp-content\/uploads\/2021\/05\/zwierz03-768x576.jpg 768w, https:\/\/www.galwasteam.pl\/wp-content\/uploads\/2021\/05\/zwierz03-1536x1152.jpg 1536w, https:\/\/www.galwasteam.pl\/wp-content\/uploads\/2021\/05\/zwierz03.jpg 2048w\" sizes=\"(max-width: 300px) 100vw, 300px\" \/> <img loading=\"lazy\" class=\"alignnone size-medium wp-image-93\" src=\"https:\/\/www.galwasteam.pl\/wp-content\/uploads\/2021\/05\/zwierz02-300x225.jpg\" alt=\"\" width=\"300\" height=\"225\" srcset=\"https:\/\/www.galwasteam.pl\/wp-content\/uploads\/2021\/05\/zwierz02-300x225.jpg 300w, https:\/\/www.galwasteam.pl\/wp-content\/uploads\/2021\/05\/zwierz02-600x450.jpg 600w, https:\/\/www.galwasteam.pl\/wp-content\/uploads\/2021\/05\/zwierz02-1024x768.jpg 1024w, https:\/\/www.galwasteam.pl\/wp-content\/uploads\/2021\/05\/zwierz02-768x576.jpg 768w, https:\/\/www.galwasteam.pl\/wp-content\/uploads\/2021\/05\/zwierz02-1536x1152.jpg 1536w, https:\/\/www.galwasteam.pl\/wp-content\/uploads\/2021\/05\/zwierz02.jpg 2048w\" sizes=\"(max-width: 300px) 100vw, 300px\" \/> <img loading=\"lazy\" class=\"alignnone size-medium wp-image-92\" src=\"https:\/\/www.galwasteam.pl\/wp-content\/uploads\/2021\/05\/zwierz01-239x300.jpg\" alt=\"\" width=\"239\" height=\"300\" srcset=\"https:\/\/www.galwasteam.pl\/wp-content\/uploads\/2021\/05\/zwierz01-239x300.jpg 239w, https:\/\/www.galwasteam.pl\/wp-content\/uploads\/2021\/05\/zwierz01-600x754.jpg 600w, https:\/\/www.galwasteam.pl\/wp-content\/uploads\/2021\/05\/zwierz01-815x1024.jpg 815w, https:\/\/www.galwasteam.pl\/wp-content\/uploads\/2021\/05\/zwierz01-768x966.jpg 768w, https:\/\/www.galwasteam.pl\/wp-content\/uploads\/2021\/05\/zwierz01-1222x1536.jpg 1222w, https:\/\/www.galwasteam.pl\/wp-content\/uploads\/2021\/05\/zwierz01.jpg 1629w\" sizes=\"(max-width: 239px) 100vw, 239px\" \/><\/p>\n","protected":false},"excerpt":{"rendered":"<p>Nazywam si\u0119 Wiktor i od 2015 roku zawodowo zajmuj\u0119 si\u0119 praniem tapicerek na terenie Warszawy i okolic. Oferuj\u0119 profesjonalne pranie tapicerek meblowych i samochodowych, wyk\u0142adzin i dywan\u00f3w. W swojej ofercie posiadam tak\u017ce fachowe czyszczenie i konserwacj\u0119 tapicerek sk\u00f3rzanych &#8211; zar\u00f3wno meblowych jak i samochodowych. Lata do\u015bwiadczenia, wypracowane metody prania i profesjonalne preparaty czyszcz\u0105ce gwarantuj\u0105 efekt <a class=\"read-more\" href=\"https:\/\/www.galwasteam.pl\/\">READ MORE<\/a><\/p>\n","protected":false},"author":1,"featured_media":24,"parent":0,"menu_order":0,"comment_status":"closed","ping_status":"closed","template":"","meta":[],"_links":{"self":[{"href":"https:\/\/www.galwasteam.pl\/index.php\/wp-json\/wp\/v2\/pages\/41"}],"collection":[{"href":"https:\/\/www.galwasteam.pl\/index.php\/wp-json\/wp\/v2\/pages"}],"about":[{"href":"https:\/\/www.galwasteam.pl\/index.php\/wp-json\/wp\/v2\/types\/page"}],"author":[{"embeddable":true,"href":"https:\/\/www.galwasteam.pl\/index.php\/wp-json\/wp\/v2\/users\/1"}],"replies":[{"embeddable":true,"href":"https:\/\/www.galwasteam.pl\/index.php\/wp-json\/wp\/v2\/comments?post=41"}],"version-history":[{"count":5,"href":"https:\/\/www.galwasteam.pl\/index.php\/wp-json\/wp\/v2\/pages\/41\/revisions"}],"predecessor-version":[{"id":96,"href":"https:\/\/www.galwasteam.pl\/index.php\/wp-json\/wp\/v2\/pages\/41\/revisions\/96"}],"wp:featuredmedia":[{"embeddable":true,"href":"https:\/\/www.galwasteam.pl\/index.php\/wp-json\/wp\/v2\/media\/24"}],"wp:attachment":[{"href":"https:\/\/www.galwasteam.pl\/index.php\/wp-json\/wp\/v2\/media?parent=41"}],"curies":[{"name":"wp","href":"https:\/\/api.w.org\/{rel}","templated":true}]}}