{"id":53,"date":"2021-05-03T17:40:06","date_gmt":"2021-05-03T17:40:06","guid":{"rendered":"https:\/\/www.galwasteam.pl\/?page_id=53"},"modified":"2023-01-26T20:08:08","modified_gmt":"2023-01-26T20:08:08","slug":"oferta-dla-domu","status":"publish","type":"page","link":"https:\/\/www.galwasteam.pl\/index.php\/oferta\/oferta-dla-domu\/","title":{"rendered":"Oferta dla domu"},"content":{"rendered":"<p><img loading=\"lazy\" class=\"alignnone size-medium wp-image-24 alignright\" src=\"https:\/\/www.galwasteam.pl\/wp-content\/uploads\/2021\/05\/cropped-TAPICERKI2_sam-obrazek5x3kpix-scaled-5-300x300.jpg\" alt=\"\" width=\"300\" height=\"300\" srcset=\"https:\/\/www.galwasteam.pl\/wp-content\/uploads\/2021\/05\/cropped-TAPICERKI2_sam-obrazek5x3kpix-scaled-5-300x300.jpg 300w, https:\/\/www.galwasteam.pl\/wp-content\/uploads\/2021\/05\/cropped-TAPICERKI2_sam-obrazek5x3kpix-scaled-5-600x601.jpg 600w, https:\/\/www.galwasteam.pl\/wp-content\/uploads\/2021\/05\/cropped-TAPICERKI2_sam-obrazek5x3kpix-scaled-5-1024x1024.jpg 1024w, https:\/\/www.galwasteam.pl\/wp-content\/uploads\/2021\/05\/cropped-TAPICERKI2_sam-obrazek5x3kpix-scaled-5-150x150.jpg 150w, https:\/\/www.galwasteam.pl\/wp-content\/uploads\/2021\/05\/cropped-TAPICERKI2_sam-obrazek5x3kpix-scaled-5-768x769.jpg 768w, https:\/\/www.galwasteam.pl\/wp-content\/uploads\/2021\/05\/cropped-TAPICERKI2_sam-obrazek5x3kpix-scaled-5.jpg 1534w\" sizes=\"(max-width: 300px) 100vw, 300px\" \/><\/p>\n<p>Oferta dla klient\u00f3w indywidualnych obejmuje:<\/p>\n<ul>\n<li>Pranie tapicerek meblowych<\/li>\n<li>Pranie wyk\u0142adzin i dywan\u00f3w<\/li>\n<li>Czyszczenie i konserwacja tapicerek sk\u00f3rzanych<\/li>\n<li>Pranie 'trudnych&#8217; tapicerek &#8211; aquaflock, carabu, alcantara, sztruks i inne<\/li>\n<li>Pranie 'trudnych&#8217; dywan\u00f3w &#8211; shaggy, perskie, jedwabne<\/li>\n<\/ul>\n<p>Wszystkie us\u0142ugi wykonuj\u0119 z dojazdem do klienta, dzia\u0142am na terenie Warszawy i okolic. Do wszelkich zada\u0144 u\u017cywam wy\u0142\u0105cznie profesjonalnych preparat\u00f3w i urz\u0105dze\u0144, przy czym zawsze mo\u017cesz by\u0107 pewien, \u017ce chemia, kt\u00f3rej u\u017cyj\u0119 u Ciebie w domu jest ca\u0142kowicie bezpieczna dla wszystkich domownik\u00f3w. Po dok\u0142adn\u0105 wycen\u0119 zapraszam do zak\u0142adki\u00a0<a href=\"https:\/\/www.galwasteam.pl\/index.php\/kontakt\/\">Kontakt<\/a> &#8211; ceny ustalane s\u0105 indywidualnie, w zale\u017cno\u015bci od rodzaju mebli\/dywan\u00f3w, wymiar\u00f3w, lokalizacji prania, poziomu zabrudzenia czy ilo\u015bci prania w jednym miejscu &#8211; przy zam\u00f3wieniach \u0142\u0105czonych zawsze doliczam dodatkowy rabat, tym wi\u0119kszy, im wi\u0119cej prania w jednym miejscu. Poni\u017cej przyk\u0142adowe ceny<\/p>\n<p>Meble, dywany, wyk\u0142adziny<\/p>\n<ul>\n<li>Pranie krzes\u0142a, poduszki, pufy &#8211; od 15z\u0142<\/li>\n<li>Pranie ma\u0142ego fotela &#8211; od 50z\u0142<\/li>\n<li>Pranie fotela typu 'uszak&#8217; &#8211; od 80z\u0142<\/li>\n<li>Pranie sofy nierozk\u0142adanej &#8211; od 120z\u0142<\/li>\n<li>Pranie sofy prostej, rozk\u0142adanej lub wersalki &#8211; od 160z\u0142<\/li>\n<li>Pranie naro\u017cnika w kszta\u0142cie litery L o d\u0142ugo\u015bci do 250cm &#8211; od 200z\u0142<\/li>\n<li>Pranie naro\u017cnika w kszta\u0142cie litery L o d\u0142ugo\u015bci od 250cm &#8211; od 230z\u0142<\/li>\n<li>Pranie wypoczynku w kszta\u0142cie litery U &#8211; od 300z\u0142<\/li>\n<li>Pranie dywanu &#8211; od 20z\u0142\/m2<\/li>\n<li>Pranie wyk\u0142adziny &#8211; od 12z\u0142\/m2 (zale\u017cnie od metra\u017cu)<\/li>\n<li>Meble sk\u00f3rzane &#8211; +50% ceny<\/li>\n<\/ul>\n<p>RABAT<\/p>\n<ul>\n<li>ZAM\u00d3WIENIE \u0141\u0104CZONE: istnieje mo\u017cliwo\u015b\u0107 uzyskania rabatu w przypadku prania wi\u0119kszej ilo\u015bci mebli w jednym miejscu &#8211; zapraszam po wycen\u0119 indywidualn\u0105.<\/li>\n<li>ZAM\u00d3WIENIE S\u0104SIEDZKIE: je\u015bli um\u00f3wisz si\u0119 z kilkoma s\u0105siadami z jednego bloku\/osiedla na pranie tego samego dnia po kolei, to ka\u017cdy z Was otrzyma rabat od cen z cennika. Po dok\u0142adn\u0105 wycen\u0119 zapraszam do kontaktu przez mail &#8211; wjanas@galwasteam.pl lub whatsapp: 603526566 . Telefonicznie nie b\u0119d\u0119 w stanie przedstawi\u0107 takiej oferty, zbyt wiele zmiennych kt\u00f3re trzeba policzy\u0107.<\/li>\n<\/ul>\n<p>&nbsp;<\/p>\n<p>Od 1.01.2022 wycofa\u0142em z oferty pranie tapicerki samochodowej. Wykonanie tego u klienta jest trudne, cz\u0119sto nie da si\u0119 zaoferowa\u0107 wysokiej jako\u015bci a to dla mnie od zawsze by\u0142o najwa\u017cniejsze. Pranie takie bywa zale\u017cne od pogody (bywa za zimno, za ciep\u0142o, za deszczowo&#8230;), pranie w gara\u017cach podziemnych obarczone jest zawsze sporym ryzykiem b\u0142\u0119du (zazwyczaj o\u015bwietlenie nie jest najlepsze), cz\u0119sto nie ma wystarczaj\u0105co du\u017co miejsca by swobodnie otworzy\u0107 drzwi. W zwi\u0105zku z tym przesta\u0142em oferowa\u0107 t\u0105 us\u0142ug\u0119 i uczciwie polecam odda\u0107 samoch\u00f3d do punktu stacjonarnego zajmuj\u0105cego si\u0119 myciem i praniem samochod\u00f3w &#8211; maj\u0105 miejsce, warunki, o\u015bwietlenie i mo\u017cliwo\u015bci by wykona\u0107 to na najwy\u017cszym poziomie.<\/p>\n<p>Polecam si\u0119 do prania tapicerki meblowej, dywan\u00f3w, wyk\u0142adzin, czyszczenia sk\u00f3r itp.<\/p>\n<p>&nbsp;<\/p>\n<p>Zapraszam do kontaktu po wycen\u0119 indywidualn\u0105 &#8211; 603 526 566<\/p>\n<p>&nbsp;<\/p>\n<p>Minimalna warto\u015b\u0107 zam\u00f3wienia &#8211; 140z\u0142.<\/p>\n<p><img loading=\"lazy\" class=\"alignnone size-medium wp-image-68\" src=\"https:\/\/www.galwasteam.pl\/wp-content\/uploads\/2021\/05\/strona01-300x300.jpg\" alt=\"\" width=\"300\" height=\"300\" srcset=\"https:\/\/www.galwasteam.pl\/wp-content\/uploads\/2021\/05\/strona01-300x300.jpg 300w, https:\/\/www.galwasteam.pl\/wp-content\/uploads\/2021\/05\/strona01-600x600.jpg 600w, https:\/\/www.galwasteam.pl\/wp-content\/uploads\/2021\/05\/strona01-1024x1024.jpg 1024w, https:\/\/www.galwasteam.pl\/wp-content\/uploads\/2021\/05\/strona01-150x150.jpg 150w, https:\/\/www.galwasteam.pl\/wp-content\/uploads\/2021\/05\/strona01-768x768.jpg 768w, https:\/\/www.galwasteam.pl\/wp-content\/uploads\/2021\/05\/strona01.jpg 1080w\" sizes=\"(max-width: 300px) 100vw, 300px\" \/> <img loading=\"lazy\" class=\"alignnone size-medium wp-image-69\" src=\"https:\/\/www.galwasteam.pl\/wp-content\/uploads\/2021\/05\/strona02-300x300.jpg\" alt=\"\" width=\"300\" height=\"300\" srcset=\"https:\/\/www.galwasteam.pl\/wp-content\/uploads\/2021\/05\/strona02-300x300.jpg 300w, https:\/\/www.galwasteam.pl\/wp-content\/uploads\/2021\/05\/strona02-600x600.jpg 600w, https:\/\/www.galwasteam.pl\/wp-content\/uploads\/2021\/05\/strona02-1024x1024.jpg 1024w, https:\/\/www.galwasteam.pl\/wp-content\/uploads\/2021\/05\/strona02-150x150.jpg 150w, https:\/\/www.galwasteam.pl\/wp-content\/uploads\/2021\/05\/strona02-768x768.jpg 768w, https:\/\/www.galwasteam.pl\/wp-content\/uploads\/2021\/05\/strona02.jpg 1080w\" sizes=\"(max-width: 300px) 100vw, 300px\" \/> <img loading=\"lazy\" class=\"alignnone size-medium wp-image-70\" src=\"https:\/\/www.galwasteam.pl\/wp-content\/uploads\/2021\/05\/strona03-300x300.jpg\" alt=\"\" width=\"300\" height=\"300\" srcset=\"https:\/\/www.galwasteam.pl\/wp-content\/uploads\/2021\/05\/strona03-300x300.jpg 300w, https:\/\/www.galwasteam.pl\/wp-content\/uploads\/2021\/05\/strona03-600x600.jpg 600w, https:\/\/www.galwasteam.pl\/wp-content\/uploads\/2021\/05\/strona03-1024x1024.jpg 1024w, https:\/\/www.galwasteam.pl\/wp-content\/uploads\/2021\/05\/strona03-150x150.jpg 150w, https:\/\/www.galwasteam.pl\/wp-content\/uploads\/2021\/05\/strona03-768x768.jpg 768w, https:\/\/www.galwasteam.pl\/wp-content\/uploads\/2021\/05\/strona03.jpg 1080w\" sizes=\"(max-width: 300px) 100vw, 300px\" \/> <img loading=\"lazy\" class=\"alignnone size-medium wp-image-71\" src=\"https:\/\/www.galwasteam.pl\/wp-content\/uploads\/2021\/05\/strona04-300x300.jpg\" alt=\"\" width=\"300\" height=\"300\" srcset=\"https:\/\/www.galwasteam.pl\/wp-content\/uploads\/2021\/05\/strona04-300x300.jpg 300w, https:\/\/www.galwasteam.pl\/wp-content\/uploads\/2021\/05\/strona04-600x600.jpg 600w, https:\/\/www.galwasteam.pl\/wp-content\/uploads\/2021\/05\/strona04-1024x1024.jpg 1024w, https:\/\/www.galwasteam.pl\/wp-content\/uploads\/2021\/05\/strona04-150x150.jpg 150w, https:\/\/www.galwasteam.pl\/wp-content\/uploads\/2021\/05\/strona04-768x768.jpg 768w, https:\/\/www.galwasteam.pl\/wp-content\/uploads\/2021\/05\/strona04-1536x1536.jpg 1536w, https:\/\/www.galwasteam.pl\/wp-content\/uploads\/2021\/05\/strona04.jpg 1564w\" sizes=\"(max-width: 300px) 100vw, 300px\" \/> <img loading=\"lazy\" class=\"alignnone size-medium wp-image-72\" src=\"https:\/\/www.galwasteam.pl\/wp-content\/uploads\/2021\/05\/strona05-300x300.jpg\" alt=\"\" width=\"300\" height=\"300\" srcset=\"https:\/\/www.galwasteam.pl\/wp-content\/uploads\/2021\/05\/strona05-300x300.jpg 300w, https:\/\/www.galwasteam.pl\/wp-content\/uploads\/2021\/05\/strona05-600x600.jpg 600w, https:\/\/www.galwasteam.pl\/wp-content\/uploads\/2021\/05\/strona05-1024x1024.jpg 1024w, https:\/\/www.galwasteam.pl\/wp-content\/uploads\/2021\/05\/strona05-150x150.jpg 150w, https:\/\/www.galwasteam.pl\/wp-content\/uploads\/2021\/05\/strona05-768x768.jpg 768w, https:\/\/www.galwasteam.pl\/wp-content\/uploads\/2021\/05\/strona05-1536x1536.jpg 1536w, https:\/\/www.galwasteam.pl\/wp-content\/uploads\/2021\/05\/strona05.jpg 1564w\" sizes=\"(max-width: 300px) 100vw, 300px\" \/> <img loading=\"lazy\" class=\"alignnone size-medium wp-image-73\" src=\"https:\/\/www.galwasteam.pl\/wp-content\/uploads\/2021\/05\/strona06-300x300.jpg\" alt=\"\" width=\"300\" height=\"300\" srcset=\"https:\/\/www.galwasteam.pl\/wp-content\/uploads\/2021\/05\/strona06-300x300.jpg 300w, https:\/\/www.galwasteam.pl\/wp-content\/uploads\/2021\/05\/strona06-600x600.jpg 600w, https:\/\/www.galwasteam.pl\/wp-content\/uploads\/2021\/05\/strona06-1024x1024.jpg 1024w, https:\/\/www.galwasteam.pl\/wp-content\/uploads\/2021\/05\/strona06-150x150.jpg 150w, https:\/\/www.galwasteam.pl\/wp-content\/uploads\/2021\/05\/strona06-768x768.jpg 768w, https:\/\/www.galwasteam.pl\/wp-content\/uploads\/2021\/05\/strona06.jpg 1080w\" sizes=\"(max-width: 300px) 100vw, 300px\" \/> <img loading=\"lazy\" class=\"alignnone size-medium wp-image-74\" src=\"https:\/\/www.galwasteam.pl\/wp-content\/uploads\/2021\/05\/strona07-300x300.jpg\" alt=\"\" width=\"300\" height=\"300\" srcset=\"https:\/\/www.galwasteam.pl\/wp-content\/uploads\/2021\/05\/strona07-300x300.jpg 300w, https:\/\/www.galwasteam.pl\/wp-content\/uploads\/2021\/05\/strona07-600x600.jpg 600w, https:\/\/www.galwasteam.pl\/wp-content\/uploads\/2021\/05\/strona07-1024x1024.jpg 1024w, https:\/\/www.galwasteam.pl\/wp-content\/uploads\/2021\/05\/strona07-150x150.jpg 150w, https:\/\/www.galwasteam.pl\/wp-content\/uploads\/2021\/05\/strona07-768x768.jpg 768w, https:\/\/www.galwasteam.pl\/wp-content\/uploads\/2021\/05\/strona07.jpg 1080w\" sizes=\"(max-width: 300px) 100vw, 300px\" \/><\/p>\n","protected":false},"excerpt":{"rendered":"<p>Oferta dla klient\u00f3w indywidualnych obejmuje: Pranie tapicerek meblowych Pranie wyk\u0142adzin i dywan\u00f3w Czyszczenie i konserwacja tapicerek sk\u00f3rzanych Pranie 'trudnych&#8217; tapicerek &#8211; aquaflock, carabu, alcantara, sztruks i inne Pranie 'trudnych&#8217; dywan\u00f3w &#8211; shaggy, perskie, jedwabne Wszystkie us\u0142ugi wykonuj\u0119 z dojazdem do klienta, dzia\u0142am na terenie Warszawy i okolic. Do wszelkich zada\u0144 u\u017cywam wy\u0142\u0105cznie profesjonalnych preparat\u00f3w i <a class=\"read-more\" href=\"https:\/\/www.galwasteam.pl\/index.php\/oferta\/oferta-dla-domu\/\">READ MORE<\/a><\/p>\n","protected":false},"author":1,"featured_media":0,"parent":51,"menu_order":0,"comment_status":"closed","ping_status":"closed","template":"","meta":[],"_links":{"self":[{"href":"https:\/\/www.galwasteam.pl\/index.php\/wp-json\/wp\/v2\/pages\/53"}],"collection":[{"href":"https:\/\/www.galwasteam.pl\/index.php\/wp-json\/wp\/v2\/pages"}],"about":[{"href":"https:\/\/www.galwasteam.pl\/index.php\/wp-json\/wp\/v2\/types\/page"}],"author":[{"embeddable":true,"href":"https:\/\/www.galwasteam.pl\/index.php\/wp-json\/wp\/v2\/users\/1"}],"replies":[{"embeddable":true,"href":"https:\/\/www.galwasteam.pl\/index.php\/wp-json\/wp\/v2\/comments?post=53"}],"version-history":[{"count":7,"href":"https:\/\/www.galwasteam.pl\/index.php\/wp-json\/wp\/v2\/pages\/53\/revisions"}],"predecessor-version":[{"id":176,"href":"https:\/\/www.galwasteam.pl\/index.php\/wp-json\/wp\/v2\/pages\/53\/revisions\/176"}],"up":[{"embeddable":true,"href":"https:\/\/www.galwasteam.pl\/index.php\/wp-json\/wp\/v2\/pages\/51"}],"wp:attachment":[{"href":"https:\/\/www.galwasteam.pl\/index.php\/wp-json\/wp\/v2\/media?parent=53"}],"curies":[{"name":"wp","href":"https:\/\/api.w.org\/{rel}","templated":true}]}}