{"id":55,"date":"2021-05-03T17:40:33","date_gmt":"2021-05-03T17:40:33","guid":{"rendered":"https:\/\/www.galwasteam.pl\/?page_id=55"},"modified":"2021-05-03T18:40:07","modified_gmt":"2021-05-03T18:40:07","slug":"oferta-dla-firm","status":"publish","type":"page","link":"https:\/\/www.galwasteam.pl\/index.php\/oferta\/oferta-dla-firm\/","title":{"rendered":"Oferta dla firm"},"content":{"rendered":"<p><img loading=\"lazy\" class=\"alignright wp-image-24 size-medium\" src=\"https:\/\/www.galwasteam.pl\/wp-content\/uploads\/2021\/05\/cropped-TAPICERKI2_sam-obrazek5x3kpix-scaled-5-300x300.jpg\" alt=\"\" width=\"300\" height=\"300\" srcset=\"https:\/\/www.galwasteam.pl\/wp-content\/uploads\/2021\/05\/cropped-TAPICERKI2_sam-obrazek5x3kpix-scaled-5-300x300.jpg 300w, https:\/\/www.galwasteam.pl\/wp-content\/uploads\/2021\/05\/cropped-TAPICERKI2_sam-obrazek5x3kpix-scaled-5-600x601.jpg 600w, https:\/\/www.galwasteam.pl\/wp-content\/uploads\/2021\/05\/cropped-TAPICERKI2_sam-obrazek5x3kpix-scaled-5-1024x1024.jpg 1024w, https:\/\/www.galwasteam.pl\/wp-content\/uploads\/2021\/05\/cropped-TAPICERKI2_sam-obrazek5x3kpix-scaled-5-150x150.jpg 150w, https:\/\/www.galwasteam.pl\/wp-content\/uploads\/2021\/05\/cropped-TAPICERKI2_sam-obrazek5x3kpix-scaled-5-768x769.jpg 768w, https:\/\/www.galwasteam.pl\/wp-content\/uploads\/2021\/05\/cropped-TAPICERKI2_sam-obrazek5x3kpix-scaled-5.jpg 1534w\" sizes=\"(max-width: 300px) 100vw, 300px\" \/><\/p>\n<p>Ofert\u0119 dla firm przygotowuj\u0119 indywidualnie, pod konkretne potrzeby. Wychodz\u0105c na przeciw oczekiwaniom klient\u00f3w biznesowych, mo\u017cliwe jest wykonanie us\u0142ugi w godzinach niestandardowych &#8211; wieczorami, noc\u0105, w weekendy. Po dok\u0142adne szczeg\u00f3\u0142y zapraszam do wysy\u0142ania zapyta\u0144 ofertowych na mail: wiktor.janas@gmail.com lub poprzez telefon &#8211; 603 526 566. Do wyceny potrzebuj\u0119 zwykle kilku standardowych informacji:<\/p>\n<ul>\n<li>przy praniu wyk\u0142adzin, musz\u0119 zna\u0107 \u0142\u0105czny metra\u017c oraz czy jest jedno pomieszczenie otwarte (np sala bankietowa, lub open-space), czy te\u017c wiele ma\u0142ych pomieszcze\u0144 i korytarze. Czy w pomieszczeniu stoj\u0105 jakie\u015b meble (w przypadku biur z zasady krzes\u0142a biurowe przesuwam, ale biurek i szaf ju\u017c nie, cho\u0107 pod biurkami te\u017c oczywi\u015bcie wyk\u0142adzina jest prana).<\/li>\n<li>w przypadku prania foteli biurowych (komputerowych) potrzebuj\u0119 wiedzie\u0107 ile jest ich do prania oraz czy tapicerowane s\u0105 same siedziska czy oparcia r\u00f3wnie\u017c (oparcie z siatki nie jest mo\u017cliwe do prania, wi\u0119c jest to fotel z tapicerowanym samym siedziskiem)<\/li>\n<li>w przypadku mebli restauracyjnych &#8211; potrzebuj\u0119 wiedzie\u0107 ile i jakich mebli jest do prania. Z racji na to, \u017ce w restauracjach cz\u0119sto meble robione s\u0105 pod zam\u00f3wienie, i sofa sofie nier\u00f3wna (mo\u017ce to by\u0107 2 osobowa w\u0105ska sofka a mo\u017ce by\u0107 pi\u0119ciometrowa lo\u017ca) &#8211; z praktyki wiem, \u017ce naj\u0142atwiej jest wyceni\u0107 za pomoc\u0105 zdj\u0119\u0107. Nie potrzebuj\u0119 zdj\u0119\u0107 w wysokiej rozdzielczo\u015bci czy super jako\u015bci &#8211; je\u015bli tylko wida\u0107 wielko\u015b\u0107 mebli to jest dla mnie wystarzczaj\u0105ce<\/li>\n<li>je\u015bli do prania s\u0105 samochody &#8211; potrzebuj\u0119 konkretnie wiedzie\u0107 ile to jest samochod\u00f3w przy jednorazowym zleceniu, jakie to s\u0105 samochody i jaki pakiet interesuje klienta (czy pranie np samych siedze\u0144, czy pakiet 'czyste wn\u0119trze&#8217; w kt\u00f3rym sprz\u0105tany i prany jest ca\u0142y samoch\u00f3d poza podsufitk\u0105)<\/li>\n<\/ul>\n<p>Na wszystkie us\u0142ugi wystawiam faktury VAT (23%), przy pierwszym zam\u00f3wieniu p\u0142atno\u015b\u0107 najlepiej got\u00f3wk\u0105, przy kolejnych wszystko jest do ustalenia. Us\u0142ugi dla firm mo\u017cliwe s\u0105 na terenie ca\u0142ego wojew\u00f3dztwa mazowieckiego, a po wi\u0119ksze zlecenia wybior\u0119 si\u0119 i poza wojew\u00f3dztwo. Zapraszam do kontaktu &#8211; z przyjemno\u015bci\u0105 przygotuj\u0119 us\u0142ug\u0119 cena-termin.<\/p>\n<p>&nbsp;<\/p>\n<p><img loading=\"lazy\" class=\"alignnone size-medium wp-image-84\" src=\"https:\/\/www.galwasteam.pl\/wp-content\/uploads\/2021\/05\/firma01-223x300.jpg\" alt=\"\" width=\"223\" height=\"300\" srcset=\"https:\/\/www.galwasteam.pl\/wp-content\/uploads\/2021\/05\/firma01-223x300.jpg 223w, https:\/\/www.galwasteam.pl\/wp-content\/uploads\/2021\/05\/firma01-600x808.jpg 600w, https:\/\/www.galwasteam.pl\/wp-content\/uploads\/2021\/05\/firma01-760x1024.jpg 760w, https:\/\/www.galwasteam.pl\/wp-content\/uploads\/2021\/05\/firma01-768x1034.jpg 768w, https:\/\/www.galwasteam.pl\/wp-content\/uploads\/2021\/05\/firma01.jpg 784w\" sizes=\"(max-width: 223px) 100vw, 223px\" \/> <img loading=\"lazy\" class=\"alignnone size-medium wp-image-85\" src=\"https:\/\/www.galwasteam.pl\/wp-content\/uploads\/2021\/05\/firma02-300x223.jpg\" alt=\"\" width=\"300\" height=\"223\" srcset=\"https:\/\/www.galwasteam.pl\/wp-content\/uploads\/2021\/05\/firma02-300x223.jpg 300w, https:\/\/www.galwasteam.pl\/wp-content\/uploads\/2021\/05\/firma02-600x445.jpg 600w, https:\/\/www.galwasteam.pl\/wp-content\/uploads\/2021\/05\/firma02-1024x760.jpg 1024w, https:\/\/www.galwasteam.pl\/wp-content\/uploads\/2021\/05\/firma02-768x570.jpg 768w, https:\/\/www.galwasteam.pl\/wp-content\/uploads\/2021\/05\/firma02.jpg 1056w\" sizes=\"(max-width: 300px) 100vw, 300px\" \/> <img loading=\"lazy\" class=\"alignnone size-medium wp-image-86\" src=\"https:\/\/www.galwasteam.pl\/wp-content\/uploads\/2021\/05\/firma03-223x300.jpg\" alt=\"\" width=\"223\" height=\"300\" srcset=\"https:\/\/www.galwasteam.pl\/wp-content\/uploads\/2021\/05\/firma03-223x300.jpg 223w, https:\/\/www.galwasteam.pl\/wp-content\/uploads\/2021\/05\/firma03-600x806.jpg 600w, https:\/\/www.galwasteam.pl\/wp-content\/uploads\/2021\/05\/firma03-762x1024.jpg 762w, https:\/\/www.galwasteam.pl\/wp-content\/uploads\/2021\/05\/firma03-768x1032.jpg 768w, https:\/\/www.galwasteam.pl\/wp-content\/uploads\/2021\/05\/firma03.jpg 1072w\" sizes=\"(max-width: 223px) 100vw, 223px\" \/> <img loading=\"lazy\" class=\"alignnone size-medium wp-image-87\" src=\"https:\/\/www.galwasteam.pl\/wp-content\/uploads\/2021\/05\/firma04-300x225.jpg\" alt=\"\" width=\"300\" height=\"225\" srcset=\"https:\/\/www.galwasteam.pl\/wp-content\/uploads\/2021\/05\/firma04-300x225.jpg 300w, https:\/\/www.galwasteam.pl\/wp-content\/uploads\/2021\/05\/firma04-600x450.jpg 600w, https:\/\/www.galwasteam.pl\/wp-content\/uploads\/2021\/05\/firma04-1024x768.jpg 1024w, https:\/\/www.galwasteam.pl\/wp-content\/uploads\/2021\/05\/firma04-768x576.jpg 768w, https:\/\/www.galwasteam.pl\/wp-content\/uploads\/2021\/05\/firma04-1536x1152.jpg 1536w, https:\/\/www.galwasteam.pl\/wp-content\/uploads\/2021\/05\/firma04.jpg 2048w\" sizes=\"(max-width: 300px) 100vw, 300px\" \/> <img loading=\"lazy\" class=\"alignnone size-medium wp-image-88\" src=\"https:\/\/www.galwasteam.pl\/wp-content\/uploads\/2021\/05\/firma05-223x300.jpg\" alt=\"\" width=\"223\" height=\"300\" srcset=\"https:\/\/www.galwasteam.pl\/wp-content\/uploads\/2021\/05\/firma05-223x300.jpg 223w, https:\/\/www.galwasteam.pl\/wp-content\/uploads\/2021\/05\/firma05-600x806.jpg 600w, https:\/\/www.galwasteam.pl\/wp-content\/uploads\/2021\/05\/firma05-762x1024.jpg 762w, https:\/\/www.galwasteam.pl\/wp-content\/uploads\/2021\/05\/firma05-768x1032.jpg 768w, https:\/\/www.galwasteam.pl\/wp-content\/uploads\/2021\/05\/firma05.jpg 1072w\" sizes=\"(max-width: 223px) 100vw, 223px\" \/> <img loading=\"lazy\" class=\"alignnone size-medium wp-image-89\" src=\"https:\/\/www.galwasteam.pl\/wp-content\/uploads\/2021\/05\/firma06-300x225.jpg\" alt=\"\" width=\"300\" height=\"225\" srcset=\"https:\/\/www.galwasteam.pl\/wp-content\/uploads\/2021\/05\/firma06-300x225.jpg 300w, https:\/\/www.galwasteam.pl\/wp-content\/uploads\/2021\/05\/firma06-600x450.jpg 600w, https:\/\/www.galwasteam.pl\/wp-content\/uploads\/2021\/05\/firma06-1024x768.jpg 1024w, https:\/\/www.galwasteam.pl\/wp-content\/uploads\/2021\/05\/firma06-768x576.jpg 768w, https:\/\/www.galwasteam.pl\/wp-content\/uploads\/2021\/05\/firma06-1536x1152.jpg 1536w, https:\/\/www.galwasteam.pl\/wp-content\/uploads\/2021\/05\/firma06.jpg 2048w\" sizes=\"(max-width: 300px) 100vw, 300px\" \/><\/p>\n<p>&nbsp;<\/p>\n<p>&nbsp;<\/p>\n","protected":false},"excerpt":{"rendered":"<p>Ofert\u0119 dla firm przygotowuj\u0119 indywidualnie, pod konkretne potrzeby. Wychodz\u0105c na przeciw oczekiwaniom klient\u00f3w biznesowych, mo\u017cliwe jest wykonanie us\u0142ugi w godzinach niestandardowych &#8211; wieczorami, noc\u0105, w weekendy. Po dok\u0142adne szczeg\u00f3\u0142y zapraszam do wysy\u0142ania zapyta\u0144 ofertowych na mail: wiktor.janas@gmail.com lub poprzez telefon &#8211; 603 526 566. Do wyceny potrzebuj\u0119 zwykle kilku standardowych informacji: przy praniu wyk\u0142adzin, musz\u0119 <a class=\"read-more\" href=\"https:\/\/www.galwasteam.pl\/index.php\/oferta\/oferta-dla-firm\/\">READ MORE<\/a><\/p>\n","protected":false},"author":1,"featured_media":0,"parent":51,"menu_order":0,"comment_status":"closed","ping_status":"closed","template":"","meta":[],"_links":{"self":[{"href":"https:\/\/www.galwasteam.pl\/index.php\/wp-json\/wp\/v2\/pages\/55"}],"collection":[{"href":"https:\/\/www.galwasteam.pl\/index.php\/wp-json\/wp\/v2\/pages"}],"about":[{"href":"https:\/\/www.galwasteam.pl\/index.php\/wp-json\/wp\/v2\/types\/page"}],"author":[{"embeddable":true,"href":"https:\/\/www.galwasteam.pl\/index.php\/wp-json\/wp\/v2\/users\/1"}],"replies":[{"embeddable":true,"href":"https:\/\/www.galwasteam.pl\/index.php\/wp-json\/wp\/v2\/comments?post=55"}],"version-history":[{"count":3,"href":"https:\/\/www.galwasteam.pl\/index.php\/wp-json\/wp\/v2\/pages\/55\/revisions"}],"predecessor-version":[{"id":90,"href":"https:\/\/www.galwasteam.pl\/index.php\/wp-json\/wp\/v2\/pages\/55\/revisions\/90"}],"up":[{"embeddable":true,"href":"https:\/\/www.galwasteam.pl\/index.php\/wp-json\/wp\/v2\/pages\/51"}],"wp:attachment":[{"href":"https:\/\/www.galwasteam.pl\/index.php\/wp-json\/wp\/v2\/media?parent=55"}],"curies":[{"name":"wp","href":"https:\/\/api.w.org\/{rel}","templated":true}]}}